{"id":45,"date":"2025-09-22T14:13:26","date_gmt":"2025-09-22T14:13:26","guid":{"rendered":"https:\/\/akhisarsesli.com\/?page_id=45"},"modified":"2025-09-26T12:15:39","modified_gmt":"2025-09-26T12:15:39","slug":"anasayfa","status":"publish","type":"page","link":"https:\/\/akhisarsesli.com\/index.php\/anasayfa\/","title":{"rendered":"Akhisar Sesli"},"content":{"rendered":"\n<p>Manisa \/<a href=\"http:\/\/www.seslichatgiris.com\">Akhisar  sesli sohbet<\/a> sitesine ho\u015fgeldiniz. Sitemiz sesli ve g\u00f6r\u00fcnt\u00fcl\u00fc sohbet sitesi olup \u00e7oklu mikrofon \u00f6zeli\u011fi bulunan sanal ortamda <a href=\"http:\/\/www.seslichatgiris.com\">seviyeli sohbet<\/a> dostluk arkada\u015fl\u0131k ortam\u0131nda \u00e7e\u015fitli illerden ve yabanc\u0131 \u00fclkelerde kat\u0131l\u0131m imkan\u0131 sa\u011flar. D\u00fcnya&#8217;n\u0131n d\u00f6rt bir yan\u0131ndan giren insanlar\u0131n bulundu\u011fu sohbet odalar<\/p>\n","protected":false},"excerpt":{"rendered":"<p>Manisa \/Akhisar sesli sohbet sitesine ho\u015fgeldiniz. Sitemiz sesli ve g\u00f6r\u00fcnt\u00fcl\u00fc sohbet sitesi olup \u00e7oklu mikrofon \u00f6zeli\u011fi bulunan sanal ortamda seviyeli sohbet dostluk arkada\u015fl\u0131k ortam\u0131nda \u00e7e\u015fitli illerden ve yabanc\u0131 \u00fclkelerde kat\u0131l\u0131m imkan\u0131 sa\u011flar. D\u00fcnya&#8217;n\u0131n d\u00f6rt bir yan\u0131ndan giren insanlar\u0131n bulundu\u011fu sohbet odalar<\/p>\n","protected":false},"author":1,"featured_media":0,"parent":0,"menu_order":0,"comment_status":"closed","ping_status":"closed","template":"","meta":{"footnotes":""},"class_list":["post-45","page","type-page","status-publish","hentry"],"yoast_head":"<!-- This site is optimized with the Yoast SEO plugin v26.6 - https:\/\/yoast.com\/wordpress\/plugins\/seo\/ -->\n<title>Akhisar Sesli - Akhisar | Sesli Sohbet, Sesli Chat, SesliSohbet,Sesli Mobil Siteler, Sesli Giri\u015f<\/title>\n<meta name=\"robots\" content=\"index, follow, max-snippet:-1, max-image-preview:large, max-video-preview:-1\" \/>\n<link rel=\"canonical\" href=\"https:\/\/akhisarsesli.com\/index.php\/anasayfa\/\" \/>\n<meta property=\"og:locale\" content=\"tr_TR\" \/>\n<meta property=\"og:type\" content=\"article\" \/>\n<meta property=\"og:title\" content=\"Akhisar Sesli - Akhisar | Sesli Sohbet, Sesli Chat, SesliSohbet,Sesli Mobil Siteler, Sesli Giri\u015f\" \/>\n<meta property=\"og:description\" content=\"Manisa \/Akhisar sesli sohbet sitesine ho\u015fgeldiniz. Sitemiz sesli ve g\u00f6r\u00fcnt\u00fcl\u00fc sohbet sitesi olup \u00e7oklu mikrofon \u00f6zeli\u011fi bulunan sanal ortamda seviyeli sohbet dostluk arkada\u015fl\u0131k ortam\u0131nda \u00e7e\u015fitli illerden ve yabanc\u0131 \u00fclkelerde kat\u0131l\u0131m imkan\u0131 sa\u011flar. D\u00fcnya&#8217;n\u0131n d\u00f6rt bir yan\u0131ndan giren insanlar\u0131n bulundu\u011fu sohbet odalar\" \/>\n<meta property=\"og:url\" content=\"https:\/\/akhisarsesli.com\/index.php\/anasayfa\/\" \/>\n<meta property=\"og:site_name\" content=\"Akhisar | Sesli Sohbet, Sesli Chat, SesliSohbet,Sesli Mobil Siteler, Sesli Giri\u015f\" \/>\n<meta property=\"article:modified_time\" content=\"2025-09-26T12:15:39+00:00\" \/>\n<meta name=\"twitter:card\" content=\"summary_large_image\" \/>\n<script type=\"application\/ld+json\" class=\"yoast-schema-graph\">{\"@context\":\"https:\/\/schema.org\",\"@graph\":[{\"@type\":\"WebPage\",\"@id\":\"https:\/\/akhisarsesli.com\/index.php\/anasayfa\/\",\"url\":\"https:\/\/akhisarsesli.com\/index.php\/anasayfa\/\",\"name\":\"Akhisar Sesli - Akhisar | Sesli Sohbet, Sesli Chat, SesliSohbet,Sesli Mobil Siteler, Sesli Giri\u015f\",\"isPartOf\":{\"@id\":\"https:\/\/akhisarsesli.com\/#website\"},\"datePublished\":\"2025-09-22T14:13:26+00:00\",\"dateModified\":\"2025-09-26T12:15:39+00:00\",\"breadcrumb\":{\"@id\":\"https:\/\/akhisarsesli.com\/index.php\/anasayfa\/#breadcrumb\"},\"inLanguage\":\"tr\",\"potentialAction\":[{\"@type\":\"ReadAction\",\"target\":[\"https:\/\/akhisarsesli.com\/index.php\/anasayfa\/\"]}]},{\"@type\":\"BreadcrumbList\",\"@id\":\"https:\/\/akhisarsesli.com\/index.php\/anasayfa\/#breadcrumb\",\"itemListElement\":[{\"@type\":\"ListItem\",\"position\":1,\"name\":\"Anasayfa\",\"item\":\"https:\/\/akhisarsesli.com\/\"},{\"@type\":\"ListItem\",\"position\":2,\"name\":\"Akhisar Sesli\"}]},{\"@type\":\"WebSite\",\"@id\":\"https:\/\/akhisarsesli.com\/#website\",\"url\":\"https:\/\/akhisarsesli.com\/\",\"name\":\"Akhisar | Sesli Sohbet, Sesli Chat, SesliSohbet,Sesli Mobil Siteler, Sesli Giri\u015f\",\"description\":\"AkhisarSesli.com, SesLi Sohbet, Akhisar Mobil Giri\u015fi,Sesli Sohbet,Seslichat, Sesli Siteleri\",\"potentialAction\":[{\"@type\":\"SearchAction\",\"target\":{\"@type\":\"EntryPoint\",\"urlTemplate\":\"https:\/\/akhisarsesli.com\/?s={search_term_string}\"},\"query-input\":{\"@type\":\"PropertyValueSpecification\",\"valueRequired\":true,\"valueName\":\"search_term_string\"}}],\"inLanguage\":\"tr\"}]}<\/script>\n<!-- \/ Yoast SEO plugin. -->","yoast_head_json":{"title":"Akhisar Sesli - Akhisar | Sesli Sohbet, Sesli Chat, SesliSohbet,Sesli Mobil Siteler, Sesli Giri\u015f","robots":{"index":"index","follow":"follow","max-snippet":"max-snippet:-1","max-image-preview":"max-image-preview:large","max-video-preview":"max-video-preview:-1"},"canonical":"https:\/\/akhisarsesli.com\/index.php\/anasayfa\/","og_locale":"tr_TR","og_type":"article","og_title":"Akhisar Sesli - Akhisar | Sesli Sohbet, Sesli Chat, SesliSohbet,Sesli Mobil Siteler, Sesli Giri\u015f","og_description":"Manisa \/Akhisar sesli sohbet sitesine ho\u015fgeldiniz. Sitemiz sesli ve g\u00f6r\u00fcnt\u00fcl\u00fc sohbet sitesi olup \u00e7oklu mikrofon \u00f6zeli\u011fi bulunan sanal ortamda seviyeli sohbet dostluk arkada\u015fl\u0131k ortam\u0131nda \u00e7e\u015fitli illerden ve yabanc\u0131 \u00fclkelerde kat\u0131l\u0131m imkan\u0131 sa\u011flar. D\u00fcnya&#8217;n\u0131n d\u00f6rt bir yan\u0131ndan giren insanlar\u0131n bulundu\u011fu sohbet odalar","og_url":"https:\/\/akhisarsesli.com\/index.php\/anasayfa\/","og_site_name":"Akhisar | Sesli Sohbet, Sesli Chat, SesliSohbet,Sesli Mobil Siteler, Sesli Giri\u015f","article_modified_time":"2025-09-26T12:15:39+00:00","twitter_card":"summary_large_image","schema":{"@context":"https:\/\/schema.org","@graph":[{"@type":"WebPage","@id":"https:\/\/akhisarsesli.com\/index.php\/anasayfa\/","url":"https:\/\/akhisarsesli.com\/index.php\/anasayfa\/","name":"Akhisar Sesli - Akhisar | Sesli Sohbet, Sesli Chat, SesliSohbet,Sesli Mobil Siteler, Sesli Giri\u015f","isPartOf":{"@id":"https:\/\/akhisarsesli.com\/#website"},"datePublished":"2025-09-22T14:13:26+00:00","dateModified":"2025-09-26T12:15:39+00:00","breadcrumb":{"@id":"https:\/\/akhisarsesli.com\/index.php\/anasayfa\/#breadcrumb"},"inLanguage":"tr","potentialAction":[{"@type":"ReadAction","target":["https:\/\/akhisarsesli.com\/index.php\/anasayfa\/"]}]},{"@type":"BreadcrumbList","@id":"https:\/\/akhisarsesli.com\/index.php\/anasayfa\/#breadcrumb","itemListElement":[{"@type":"ListItem","position":1,"name":"Anasayfa","item":"https:\/\/akhisarsesli.com\/"},{"@type":"ListItem","position":2,"name":"Akhisar Sesli"}]},{"@type":"WebSite","@id":"https:\/\/akhisarsesli.com\/#website","url":"https:\/\/akhisarsesli.com\/","name":"Akhisar | Sesli Sohbet, Sesli Chat, SesliSohbet,Sesli Mobil Siteler, Sesli Giri\u015f","description":"AkhisarSesli.com, SesLi Sohbet, Akhisar Mobil Giri\u015fi,Sesli Sohbet,Seslichat, Sesli Siteleri","potentialAction":[{"@type":"SearchAction","target":{"@type":"EntryPoint","urlTemplate":"https:\/\/akhisarsesli.com\/?s={search_term_string}"},"query-input":{"@type":"PropertyValueSpecification","valueRequired":true,"valueName":"search_term_string"}}],"inLanguage":"tr"}]}},"_links":{"self":[{"href":"https:\/\/akhisarsesli.com\/index.php\/wp-json\/wp\/v2\/pages\/45","targetHints":{"allow":["GET"]}}],"collection":[{"href":"https:\/\/akhisarsesli.com\/index.php\/wp-json\/wp\/v2\/pages"}],"about":[{"href":"https:\/\/akhisarsesli.com\/index.php\/wp-json\/wp\/v2\/types\/page"}],"author":[{"embeddable":true,"href":"https:\/\/akhisarsesli.com\/index.php\/wp-json\/wp\/v2\/users\/1"}],"replies":[{"embeddable":true,"href":"https:\/\/akhisarsesli.com\/index.php\/wp-json\/wp\/v2\/comments?post=45"}],"version-history":[{"count":4,"href":"https:\/\/akhisarsesli.com\/index.php\/wp-json\/wp\/v2\/pages\/45\/revisions"}],"predecessor-version":[{"id":116,"href":"https:\/\/akhisarsesli.com\/index.php\/wp-json\/wp\/v2\/pages\/45\/revisions\/116"}],"wp:attachment":[{"href":"https:\/\/akhisarsesli.com\/index.php\/wp-json\/wp\/v2\/media?parent=45"}],"curies":[{"name":"wp","href":"https:\/\/api.w.org\/{rel}","templated":true}]}}