{"id":118,"date":"2025-09-26T12:20:04","date_gmt":"2025-09-26T12:20:04","guid":{"rendered":"https:\/\/akhisarsesli.com\/?page_id=118"},"modified":"2025-10-30T10:54:06","modified_gmt":"2025-10-30T10:54:06","slug":"sesli-sohbet","status":"publish","type":"page","link":"https:\/\/akhisarsesli.com\/index.php\/sesli-sohbet\/","title":{"rendered":"Sesli Sohbet"},"content":{"rendered":"\n<p>Bu ilgin\u00e7 ve g\u00fcncel bir konu!\u00a0<strong><a href=\"http:\/\/www.eseslisohbet.net\/\">Sesli sohbet siteleri<\/a><\/strong>\u00a0veya uygulamalar\u0131, kullan\u0131c\u0131lar\u0131n yazmak yerine mikrofonlar\u0131 arac\u0131l\u0131\u011f\u0131yla birbirleriyle ger\u00e7ek zamanl\u0131 olarak konu\u015fabildi\u011fi dijital platformlard\u0131r. \u200bBu sitelerde veya uygulamalarda genellikle \u015funlar olur sesli sohbet,esesli sohbet, e\u011flencenin dolu dizgin, sohbetin tek adresi Esesli sohbet e\u011flencenin dolu dizgin sohbetin tek adresi ,\u0130nternet kullan\u0131c\u0131lar\u0131n\u0131n art\u0131\u015f g\u00f6sterdi\u011fi \u015fu g\u00fcnlerde insanlar\u0131n sosyalle\u015fmek ad\u0131na\u00a0 en g\u00fczel aktivitelerin yap\u0131ld\u0131\u011f\u0131 platform ,<a href=\"http:\/\/www.eseslisohbet.net\/\"><strong>Esesli Sohbet<\/strong><\/a>\u00a0olarak sizlere en g\u00fczel ortam\u0131 sa\u011fl\u0131yoruz farkl\u0131l\u0131\u00fcm\u0131zla sesli sitelere yenilikler getiriyoruz<\/p>\n\n\n\n<h2 class=\"wp-block-heading\">Sesli Sohbet Odalar\u0131<\/h2>\n\n\n\n<p>Ger\u00e7ek Zamanl\u0131 \u0130leti\u015fim \u200b<a href=\"http:\/\/www.eseslisohbet.net\/\"><strong>Sesli Sohbet Odalar<\/strong>\u0131<\/a>: Kullan\u0131c\u0131lar, genellikle belli bir konu, ilgi alan\u0131 (oyun, m\u00fczik, dil \u00f6\u011frenme vb.) veya genel bir muhabbet i\u00e7in olu\u015fturulmu\u015f odalara kat\u0131l\u0131rlar. \u200b\u00d6zel G\u00f6r\u00fc\u015fmeler: Bir ki\u015fiyle bire bir, \u00f6zel sesli veya g\u00f6r\u00fcnt\u00fcl\u00fc g\u00f6r\u00fc\u015fmeler yapma imkan\u0131 bulunur. \u200bD\u00fc\u015f\u00fck Gecikme: Sohbetin do\u011fal ak\u0131\u015f\u0131n\u0131 bozmamak i\u00e7in sesin minimum gecikmeyle iletilmesi hedeflenir. \u200b2.<\/p>\n\n\n\n<figure class=\"wp-block-image\"><img  title=\"\" loading=\"lazy\" decoding=\"async\" width=\"16\" height=\"16\" src=\"https:\/\/akhisarsesli.com\/wp-content\/uploads\/2025\/10\/1f9e9.png\"  alt=\"1f9e9 Sesli Sohbet\"  class=\"wp-image-294\"\/><\/figure>\n\n\n\n<h2 class=\"wp-block-heading\">Parti Sohbetleri<\/h2>\n\n\n\n<p>\u00c7e\u015fitli \u00d6zellikler ve Etkile\u015fimler \u200bGrup\/<strong>Parti Sohbetleri<\/strong>: Ayn\u0131 anda birden fazla ki\u015finin konu\u015ftu\u011fu, sanki bir partideymi\u015f gibi bir ortam sunulur. \u200bMetin ve Emoji: Sesli sohbetin yan\u0131 s\u0131ra, yaz\u0131l\u0131 mesajla\u015fma, emoji ve bazen dosya\/resim payla\u015f\u0131m\u0131 da yap\u0131labilir. \u200bOyun ve Etkinlikler: \u00d6zellikle oyun topluluklar\u0131 i\u00e7in tasarlanm\u0131\u015f platformlarda (\u00f6rne\u011fin Discord, TeamSpeak), kullan\u0131c\u0131lar bir yandan oyun oynarken bir yandan da ileti\u015fim kurarlar. Hatta baz\u0131 sosyal sohbet uygulamalar\u0131 kendi i\u00e7inde mini oyunlar veya etkinlikler d\u00fczenler. \u200bHediyeler ve Avatar: Baz\u0131&nbsp;<strong><a href=\"http:\/\/www.eseslisohbet.net\/\">Sosyal Sesli Sohbet<\/a><\/strong>&nbsp;uygulamalar\u0131nda, sanal hediyeler g\u00f6nderme veya ki\u015fisel avatarlar olu\u015fturma \u00f6zellikleri bulunur. \u200b3.<\/p>\n\n\n\n<figure class=\"wp-block-image\"><img  title=\"\" loading=\"lazy\" decoding=\"async\" width=\"16\" height=\"16\" src=\"https:\/\/akhisarsesli.com\/wp-content\/uploads\/2025\/10\/1f6e1.png\"  alt=\"1f6e1 Sesli Sohbet\"  class=\"wp-image-293\"\/><\/figure>\n\n\n\n<h2 class=\"wp-block-heading\">Sesli Sohbet G\u00fcvenli<\/h2>\n\n\n\n<p>Y\u00f6netim ve G\u00fcvenlik \u200bKullan\u0131c\u0131 ve Kanal Y\u00f6netimi:<a href=\"http:\/\/www.eseslisohbet.net\/\">&nbsp;<strong>Sesli Sohbet<\/strong><\/a>&nbsp;odalar\u0131nda d\u00fczeni sa\u011flamak i\u00e7in y\u00f6neticiler (moderat\u00f6rler) bulunur ve bu ki\u015filerin kullan\u0131c\u0131lar\u0131 susturma, odadan atma gibi yetkileri vard\u0131r. \u200bGizlilik Se\u00e7enekleri: Kullan\u0131c\u0131lar genellikle kiminle, ne zaman konu\u015facaklar\u0131na dair (\u00f6zel oda, \u015fifreli oda vb.) gizlilik ayarlar\u0131 yapabilirler. \u200b\u015eifreleme:&nbsp;<strong>G\u00fcvenli<\/strong>&nbsp;bir ileti\u015fim sa\u011flamak i\u00e7in aramalar\u0131n u\u00e7tan uca \u015fifrelenmesi gibi g\u00fcvenlik \u00f6nlemleri kullan\u0131l\u0131r. \u200b4.<\/p>\n\n\n\n<figure class=\"wp-block-image\"><img  title=\"\" loading=\"lazy\" decoding=\"async\" width=\"16\" height=\"16\" src=\"https:\/\/akhisarsesli.com\/wp-content\/uploads\/2025\/10\/1f3af.png\"  alt=\"1f3af Sesli Sohbet\"  class=\"wp-image-291\"\/><\/figure>\n\n\n\n<h2 class=\"wp-block-heading\">Sesli Sohbet Kullan\u0131m<\/h2>\n\n\n\n<p><strong>Kullan\u0131m<\/strong>&nbsp;Ama\u00e7lar\u0131 \u200b<strong>Sosyal<\/strong>&nbsp;Ba\u011flant\u0131:&nbsp;<strong><a href=\"http:\/\/www.eseslisohbet.net\/\">Yeni insanlarla tan\u0131\u015fmak<\/a><\/strong>, arkada\u015f edinmek ve farkl\u0131 k\u00fclt\u00fcrlerden ki\u015filerle ileti\u015fim kurmak. \u200bOyun \u0130leti\u015fimi: \u00c7evrimi\u00e7i oyunlarda tak\u0131m arkada\u015flar\u0131yla anl\u0131k strateji ve koordinasyon sa\u011flamak (Discord, TeamSpeak, Mumble gibi). \u200bProfesyonel \u0130\u015fbirli\u011fi: Uzaktan \u00e7al\u0131\u015fan ekiplerin toplant\u0131, beyin f\u0131rt\u0131nas\u0131 veya h\u0131zl\u0131 bir g\u00f6r\u00fc\u015fme yapmas\u0131 (Zoom, Teams gibi). \u200bDil Prati\u011fi ve \u00d6\u011frenme: Yabanc\u0131 dilde konu\u015fma prati\u011fi yapmak.&nbsp;<a href=\"http:\/\/www.eseslisohbet.net\/\"><strong>\u200bSesli sohbet<\/strong>&nbsp;<\/a>sitelerinin t\u00fcr\u00fcne ve amac\u0131na g\u00f6re sunduklar\u0131 deneyim olduk\u00e7a farkl\u0131 olabilir. \u200bSen bu t\u00fcr siteleri daha \u00e7ok hangi ama\u00e7la kullanmay\u0131 d\u00fc\u015f\u00fcn\u00fcyorsun (sosyal, oyun, profesyonel)? Bu bilgiye g\u00f6re sana daha spesifik \u00f6rnekler verebilirim.<\/p>\n\n\n\n<figure class=\"wp-block-image\"><a href=\"http:\/\/www.eseslisohbet.net\/\"><img  title=\"\" loading=\"lazy\" decoding=\"async\" width=\"236\" height=\"198\" src=\"https:\/\/akhisarsesli.com\/wp-content\/uploads\/2025\/10\/5cfcf6e4895919d97772055c0a34cf87.jpg\"  alt=\"5cfcf6e4895919d97772055c0a34cf87 Sesli Sohbet\"  class=\"wp-image-208\"\/><\/a><\/figure>\n","protected":false},"excerpt":{"rendered":"<p>Bu ilgin\u00e7 ve g\u00fcncel bir konu!\u00a0Sesli sohbet siteleri\u00a0veya uygulamalar\u0131, kullan\u0131c\u0131lar\u0131n yazmak yerine mikrofonlar\u0131 arac\u0131l\u0131\u011f\u0131yla birbirleriyle ger\u00e7ek zamanl\u0131 olarak konu\u015fabildi\u011fi dijital platformlard\u0131r. \u200bBu sitelerde veya uygulamalarda genellikle \u015funlar olur sesli sohbet,esesli sohbet, e\u011flencenin dolu dizgin, sohbetin tek adresi Esesli sohbet e\u011flencenin dolu dizgin sohbetin tek adresi ,\u0130nternet kullan\u0131c\u0131lar\u0131n\u0131n art\u0131\u015f g\u00f6sterdi\u011fi \u015fu g\u00fcnlerde insanlar\u0131n sosyalle\u015fmek ad\u0131na\u00a0 en [&hellip;]<\/p>\n","protected":false},"author":1,"featured_media":208,"parent":0,"menu_order":0,"comment_status":"closed","ping_status":"closed","template":"","meta":{"footnotes":""},"class_list":["post-118","page","type-page","status-publish","has-post-thumbnail","hentry"],"yoast_head":"<!-- This site is optimized with the Yoast SEO plugin v26.6 - https:\/\/yoast.com\/wordpress\/plugins\/seo\/ -->\n<title>Sesli Sohbet - Akhisar | Sesli Sohbet, Sesli Chat, SesliSohbet,Sesli Mobil Siteler, Sesli Giri\u015f<\/title>\n<meta name=\"robots\" content=\"index, follow, max-snippet:-1, max-image-preview:large, max-video-preview:-1\" \/>\n<link rel=\"canonical\" href=\"https:\/\/akhisarsesli.com\/index.php\/sesli-sohbet\/\" \/>\n<meta property=\"og:locale\" content=\"tr_TR\" \/>\n<meta property=\"og:type\" content=\"article\" \/>\n<meta property=\"og:title\" content=\"Sesli Sohbet - Akhisar | Sesli Sohbet, Sesli Chat, SesliSohbet,Sesli Mobil Siteler, Sesli Giri\u015f\" \/>\n<meta property=\"og:description\" content=\"Bu ilgin\u00e7 ve g\u00fcncel bir konu!\u00a0Sesli sohbet siteleri\u00a0veya uygulamalar\u0131, kullan\u0131c\u0131lar\u0131n yazmak yerine mikrofonlar\u0131 arac\u0131l\u0131\u011f\u0131yla birbirleriyle ger\u00e7ek zamanl\u0131 olarak konu\u015fabildi\u011fi dijital platformlard\u0131r. \u200bBu sitelerde veya uygulamalarda genellikle \u015funlar olur sesli sohbet,esesli sohbet, e\u011flencenin dolu dizgin, sohbetin tek adresi Esesli sohbet e\u011flencenin dolu dizgin sohbetin tek adresi ,\u0130nternet kullan\u0131c\u0131lar\u0131n\u0131n art\u0131\u015f g\u00f6sterdi\u011fi \u015fu g\u00fcnlerde insanlar\u0131n sosyalle\u015fmek ad\u0131na\u00a0 en [&hellip;]\" \/>\n<meta property=\"og:url\" content=\"https:\/\/akhisarsesli.com\/index.php\/sesli-sohbet\/\" \/>\n<meta property=\"og:site_name\" content=\"Akhisar | Sesli Sohbet, Sesli Chat, SesliSohbet,Sesli Mobil Siteler, Sesli Giri\u015f\" \/>\n<meta property=\"article:modified_time\" content=\"2025-10-30T10:54:06+00:00\" \/>\n<meta property=\"og:image\" content=\"https:\/\/akhisarsesli.com\/wp-content\/uploads\/2025\/10\/5cfcf6e4895919d97772055c0a34cf87.jpg\" \/>\n\t<meta property=\"og:image:width\" content=\"236\" \/>\n\t<meta property=\"og:image:height\" content=\"198\" \/>\n\t<meta property=\"og:image:type\" content=\"image\/jpeg\" \/>\n<meta name=\"twitter:card\" content=\"summary_large_image\" \/>\n<meta name=\"twitter:label1\" content=\"Tahmini okuma s\u00fcresi\" \/>\n\t<meta name=\"twitter:data1\" content=\"3 dakika\" \/>\n<script type=\"application\/ld+json\" class=\"yoast-schema-graph\">{\"@context\":\"https:\/\/schema.org\",\"@graph\":[{\"@type\":\"WebPage\",\"@id\":\"https:\/\/akhisarsesli.com\/index.php\/sesli-sohbet\/\",\"url\":\"https:\/\/akhisarsesli.com\/index.php\/sesli-sohbet\/\",\"name\":\"Sesli Sohbet - Akhisar | Sesli Sohbet, Sesli Chat, SesliSohbet,Sesli Mobil Siteler, Sesli Giri\u015f\",\"isPartOf\":{\"@id\":\"https:\/\/akhisarsesli.com\/#website\"},\"primaryImageOfPage\":{\"@id\":\"https:\/\/akhisarsesli.com\/index.php\/sesli-sohbet\/#primaryimage\"},\"image\":{\"@id\":\"https:\/\/akhisarsesli.com\/index.php\/sesli-sohbet\/#primaryimage\"},\"thumbnailUrl\":\"https:\/\/akhisarsesli.com\/wp-content\/uploads\/2025\/10\/5cfcf6e4895919d97772055c0a34cf87.jpg\",\"datePublished\":\"2025-09-26T12:20:04+00:00\",\"dateModified\":\"2025-10-30T10:54:06+00:00\",\"breadcrumb\":{\"@id\":\"https:\/\/akhisarsesli.com\/index.php\/sesli-sohbet\/#breadcrumb\"},\"inLanguage\":\"tr\",\"potentialAction\":[{\"@type\":\"ReadAction\",\"target\":[\"https:\/\/akhisarsesli.com\/index.php\/sesli-sohbet\/\"]}]},{\"@type\":\"ImageObject\",\"inLanguage\":\"tr\",\"@id\":\"https:\/\/akhisarsesli.com\/index.php\/sesli-sohbet\/#primaryimage\",\"url\":\"https:\/\/akhisarsesli.com\/wp-content\/uploads\/2025\/10\/5cfcf6e4895919d97772055c0a34cf87.jpg\",\"contentUrl\":\"https:\/\/akhisarsesli.com\/wp-content\/uploads\/2025\/10\/5cfcf6e4895919d97772055c0a34cf87.jpg\",\"width\":236,\"height\":198},{\"@type\":\"BreadcrumbList\",\"@id\":\"https:\/\/akhisarsesli.com\/index.php\/sesli-sohbet\/#breadcrumb\",\"itemListElement\":[{\"@type\":\"ListItem\",\"position\":1,\"name\":\"Anasayfa\",\"item\":\"https:\/\/akhisarsesli.com\/\"},{\"@type\":\"ListItem\",\"position\":2,\"name\":\"Sesli Sohbet\"}]},{\"@type\":\"WebSite\",\"@id\":\"https:\/\/akhisarsesli.com\/#website\",\"url\":\"https:\/\/akhisarsesli.com\/\",\"name\":\"Akhisar | Sesli Sohbet, Sesli Chat, SesliSohbet,Sesli Mobil Siteler, Sesli Giri\u015f\",\"description\":\"AkhisarSesli.com, SesLi Sohbet, Akhisar Mobil Giri\u015fi,Sesli Sohbet,Seslichat, Sesli Siteleri\",\"potentialAction\":[{\"@type\":\"SearchAction\",\"target\":{\"@type\":\"EntryPoint\",\"urlTemplate\":\"https:\/\/akhisarsesli.com\/?s={search_term_string}\"},\"query-input\":{\"@type\":\"PropertyValueSpecification\",\"valueRequired\":true,\"valueName\":\"search_term_string\"}}],\"inLanguage\":\"tr\"}]}<\/script>\n<!-- \/ Yoast SEO plugin. -->","yoast_head_json":{"title":"Sesli Sohbet - Akhisar | Sesli Sohbet, Sesli Chat, SesliSohbet,Sesli Mobil Siteler, Sesli Giri\u015f","robots":{"index":"index","follow":"follow","max-snippet":"max-snippet:-1","max-image-preview":"max-image-preview:large","max-video-preview":"max-video-preview:-1"},"canonical":"https:\/\/akhisarsesli.com\/index.php\/sesli-sohbet\/","og_locale":"tr_TR","og_type":"article","og_title":"Sesli Sohbet - Akhisar | Sesli Sohbet, Sesli Chat, SesliSohbet,Sesli Mobil Siteler, Sesli Giri\u015f","og_description":"Bu ilgin\u00e7 ve g\u00fcncel bir konu!\u00a0Sesli sohbet siteleri\u00a0veya uygulamalar\u0131, kullan\u0131c\u0131lar\u0131n yazmak yerine mikrofonlar\u0131 arac\u0131l\u0131\u011f\u0131yla birbirleriyle ger\u00e7ek zamanl\u0131 olarak konu\u015fabildi\u011fi dijital platformlard\u0131r. \u200bBu sitelerde veya uygulamalarda genellikle \u015funlar olur sesli sohbet,esesli sohbet, e\u011flencenin dolu dizgin, sohbetin tek adresi Esesli sohbet e\u011flencenin dolu dizgin sohbetin tek adresi ,\u0130nternet kullan\u0131c\u0131lar\u0131n\u0131n art\u0131\u015f g\u00f6sterdi\u011fi \u015fu g\u00fcnlerde insanlar\u0131n sosyalle\u015fmek ad\u0131na\u00a0 en [&hellip;]","og_url":"https:\/\/akhisarsesli.com\/index.php\/sesli-sohbet\/","og_site_name":"Akhisar | Sesli Sohbet, Sesli Chat, SesliSohbet,Sesli Mobil Siteler, Sesli Giri\u015f","article_modified_time":"2025-10-30T10:54:06+00:00","og_image":[{"width":236,"height":198,"url":"https:\/\/akhisarsesli.com\/wp-content\/uploads\/2025\/10\/5cfcf6e4895919d97772055c0a34cf87.jpg","type":"image\/jpeg"}],"twitter_card":"summary_large_image","twitter_misc":{"Tahmini okuma s\u00fcresi":"3 dakika"},"schema":{"@context":"https:\/\/schema.org","@graph":[{"@type":"WebPage","@id":"https:\/\/akhisarsesli.com\/index.php\/sesli-sohbet\/","url":"https:\/\/akhisarsesli.com\/index.php\/sesli-sohbet\/","name":"Sesli Sohbet - Akhisar | Sesli Sohbet, Sesli Chat, SesliSohbet,Sesli Mobil Siteler, Sesli Giri\u015f","isPartOf":{"@id":"https:\/\/akhisarsesli.com\/#website"},"primaryImageOfPage":{"@id":"https:\/\/akhisarsesli.com\/index.php\/sesli-sohbet\/#primaryimage"},"image":{"@id":"https:\/\/akhisarsesli.com\/index.php\/sesli-sohbet\/#primaryimage"},"thumbnailUrl":"https:\/\/akhisarsesli.com\/wp-content\/uploads\/2025\/10\/5cfcf6e4895919d97772055c0a34cf87.jpg","datePublished":"2025-09-26T12:20:04+00:00","dateModified":"2025-10-30T10:54:06+00:00","breadcrumb":{"@id":"https:\/\/akhisarsesli.com\/index.php\/sesli-sohbet\/#breadcrumb"},"inLanguage":"tr","potentialAction":[{"@type":"ReadAction","target":["https:\/\/akhisarsesli.com\/index.php\/sesli-sohbet\/"]}]},{"@type":"ImageObject","inLanguage":"tr","@id":"https:\/\/akhisarsesli.com\/index.php\/sesli-sohbet\/#primaryimage","url":"https:\/\/akhisarsesli.com\/wp-content\/uploads\/2025\/10\/5cfcf6e4895919d97772055c0a34cf87.jpg","contentUrl":"https:\/\/akhisarsesli.com\/wp-content\/uploads\/2025\/10\/5cfcf6e4895919d97772055c0a34cf87.jpg","width":236,"height":198},{"@type":"BreadcrumbList","@id":"https:\/\/akhisarsesli.com\/index.php\/sesli-sohbet\/#breadcrumb","itemListElement":[{"@type":"ListItem","position":1,"name":"Anasayfa","item":"https:\/\/akhisarsesli.com\/"},{"@type":"ListItem","position":2,"name":"Sesli Sohbet"}]},{"@type":"WebSite","@id":"https:\/\/akhisarsesli.com\/#website","url":"https:\/\/akhisarsesli.com\/","name":"Akhisar | Sesli Sohbet, Sesli Chat, SesliSohbet,Sesli Mobil Siteler, Sesli Giri\u015f","description":"AkhisarSesli.com, SesLi Sohbet, Akhisar Mobil Giri\u015fi,Sesli Sohbet,Seslichat, Sesli Siteleri","potentialAction":[{"@type":"SearchAction","target":{"@type":"EntryPoint","urlTemplate":"https:\/\/akhisarsesli.com\/?s={search_term_string}"},"query-input":{"@type":"PropertyValueSpecification","valueRequired":true,"valueName":"search_term_string"}}],"inLanguage":"tr"}]}},"_links":{"self":[{"href":"https:\/\/akhisarsesli.com\/index.php\/wp-json\/wp\/v2\/pages\/118","targetHints":{"allow":["GET"]}}],"collection":[{"href":"https:\/\/akhisarsesli.com\/index.php\/wp-json\/wp\/v2\/pages"}],"about":[{"href":"https:\/\/akhisarsesli.com\/index.php\/wp-json\/wp\/v2\/types\/page"}],"author":[{"embeddable":true,"href":"https:\/\/akhisarsesli.com\/index.php\/wp-json\/wp\/v2\/users\/1"}],"replies":[{"embeddable":true,"href":"https:\/\/akhisarsesli.com\/index.php\/wp-json\/wp\/v2\/comments?post=118"}],"version-history":[{"count":3,"href":"https:\/\/akhisarsesli.com\/index.php\/wp-json\/wp\/v2\/pages\/118\/revisions"}],"predecessor-version":[{"id":301,"href":"https:\/\/akhisarsesli.com\/index.php\/wp-json\/wp\/v2\/pages\/118\/revisions\/301"}],"wp:featuredmedia":[{"embeddable":true,"href":"https:\/\/akhisarsesli.com\/index.php\/wp-json\/wp\/v2\/media\/208"}],"wp:attachment":[{"href":"https:\/\/akhisarsesli.com\/index.php\/wp-json\/wp\/v2\/media?parent=118"}],"curies":[{"name":"wp","href":"https:\/\/api.w.org\/{rel}","templated":true}]}}